{"id":2428,"date":"2024-06-17T07:43:54","date_gmt":"2024-06-17T07:43:54","guid":{"rendered":"https:\/\/producciointegrada.cat\/directori\/"},"modified":"2025-01-17T10:13:40","modified_gmt":"2025-01-17T10:13:40","slug":"directory-2","status":"publish","type":"page","link":"https:\/\/producciointegrada.cat\/en\/directory-2\/","title":{"rendered":"Directory"},"content":{"rendered":"\n<h4 class=\"wp-block-heading has-orange-color has-text-color has-link-color wp-elements-8cbf895e15171ee71a04dbe48b8d9a33\"><strong>Registre d\u2019empreses certificades en producci\u00f3 integrada<\/strong><\/h4>\n\n\n\n<p>El Directori inclou els operadors productors, agrupacions o elaboradors que estan certificats en producci\u00f3 integrada sigui de manera individual o agrupada. <strong>\u00danicament els elaboradors poden fer \u00fas del distintiu de qualitat.<\/strong><\/p>\n\n\n\n<div class=\"wp-block-columns has-white-background-color has-background is-layout-flex wp-container-core-columns-is-layout-9d6595d7 wp-block-columns-is-layout-flex\">\n<div class=\"wp-block-column directori_blocs is-layout-flow wp-block-column-is-layout-flow\">\n<p>L\u2019<strong>operador productor<\/strong> correspon a l\u2019empresa agr\u00edcola que produeix productes certificats en producci\u00f3 integrada.<\/p>\n<\/div>\n\n\n\n<div class=\"wp-block-column directori_blocs is-layout-flow wp-block-column-is-layout-flow\">\n<p>L\u2019<strong>operador agrupaci\u00f3<\/strong> \u00e9s l\u2019organitzaci\u00f3, persona jur\u00eddica, que agrupa operadors productors que tenen una mateixa direcci\u00f3 t\u00e8cnica que tamb\u00e9 s\u2019encarrega de realitzar els autocontrols i els productors d\u2019aquesta es certifiquen sota la mateixa agrupaci\u00f3.<\/p>\n<\/div>\n\n\n\n<div class=\"wp-block-column directori_blocs is-layout-flow wp-block-column-is-layout-flow\">\n<p>L\u2019<strong>operador elaborador <\/strong>s\u00f3n els operadors que manipulen, elaboraren, transformen i\/o comercialitzen productes certificats en PI, en el fases posteriors a la producci\u00f3.<\/p>\n<\/div>\n<\/div>\n\n\n\n<div style=\"height:30px\" aria-hidden=\"true\" class=\"wp-block-spacer\"><\/div>\n\n\n\n<h4 class=\"wp-block-heading has-orange-color has-text-color has-link-color wp-elements-a0242cf8157c95f95e0e9179ae69987e\">Consulta el directori<\/h4>\n\n\n\n<p>En aquesta consulta podreu cercar tots els operadors que estan certificats per tipologia d\u2019operador, per demarcaci\u00f3 i per cultiu.<\/p>\n\n\n\n<div class=\"wp-block-columns is-layout-flex wp-container-core-columns-is-layout-9d6595d7 wp-block-columns-is-layout-flex\">\n<div class=\"wp-block-column has-white-background-color has-background is-layout-flow wp-block-column-is-layout-flow\">\n<iframe loading=\"lazy\" width=\"100%\" height=\"800\" style=\"border: none;\" src=\"https:\/\/app.producciointegrada.cat\/public\/operators\" target=\"_parent\"><\/iframe>\n<\/div>\n<\/div>\n","protected":false},"excerpt":{"rendered":"<p>Registre d\u2019empreses certificades en producci\u00f3 integrada El Directori inclou els operadors productors, agrupacions o elaboradors que estan certificats en producci\u00f3 integrada sigui de manera individual o agrupada. \u00danicament els elaboradors poden fer \u00fas del distintiu de qualitat. L\u2019operador productor correspon a l\u2019empresa agr\u00edcola que produeix productes certificats en producci\u00f3 integrada. L\u2019operador agrupaci\u00f3 \u00e9s l\u2019organitzaci\u00f3, persona [&hellip;]<\/p>\n","protected":false},"author":1,"featured_media":0,"parent":0,"menu_order":0,"comment_status":"closed","ping_status":"closed","template":"","meta":{"_acf_changed":false,"footnotes":""},"class_list":["post-2428","page","type-page","status-publish","hentry"],"acf":[],"_links":{"self":[{"href":"https:\/\/producciointegrada.cat\/en\/wp-json\/wp\/v2\/pages\/2428","targetHints":{"allow":["GET"]}}],"collection":[{"href":"https:\/\/producciointegrada.cat\/en\/wp-json\/wp\/v2\/pages"}],"about":[{"href":"https:\/\/producciointegrada.cat\/en\/wp-json\/wp\/v2\/types\/page"}],"author":[{"embeddable":true,"href":"https:\/\/producciointegrada.cat\/en\/wp-json\/wp\/v2\/users\/1"}],"replies":[{"embeddable":true,"href":"https:\/\/producciointegrada.cat\/en\/wp-json\/wp\/v2\/comments?post=2428"}],"version-history":[{"count":1,"href":"https:\/\/producciointegrada.cat\/en\/wp-json\/wp\/v2\/pages\/2428\/revisions"}],"predecessor-version":[{"id":2431,"href":"https:\/\/producciointegrada.cat\/en\/wp-json\/wp\/v2\/pages\/2428\/revisions\/2431"}],"wp:attachment":[{"href":"https:\/\/producciointegrada.cat\/en\/wp-json\/wp\/v2\/media?parent=2428"}],"curies":[{"name":"wp","href":"https:\/\/api.w.org\/{rel}","templated":true}]}}