{"id":1537,"date":"2019-02-12T11:13:55","date_gmt":"2019-02-12T11:13:55","guid":{"rendered":"https:\/\/producciointegrada.cat\/contacte\/"},"modified":"2025-08-27T10:30:14","modified_gmt":"2025-08-27T10:30:14","slug":"contact","status":"publish","type":"page","link":"https:\/\/producciointegrada.cat\/en\/contact\/","title":{"rendered":"Contact"},"content":{"rendered":"\n<p style=\"font-size:18px\"><strong>Consell Catal\u00e0 de la Producci\u00f3 Integrada<br\/> Complex La Caparrella, 97 (Edifici Ger\u00e8ncia).   25192 Lleida<br\/> Tel. +34 973 28 24 81<br\/> ccpi@producciointegrada.cat<\/strong><\/p>\n","protected":false},"excerpt":{"rendered":"<p>Consell Catal\u00e0 de la Producci\u00f3 Integrada Complex La Caparrella, 97 (Edifici Ger\u00e8ncia). 25192 Lleida Tel. +34 973 28 24 81 ccpi@producciointegrada.cat<\/p>\n","protected":false},"author":1,"featured_media":0,"parent":0,"menu_order":0,"comment_status":"closed","ping_status":"closed","template":"templates\/template-contact.php","meta":{"_acf_changed":false,"footnotes":""},"class_list":["post-1537","page","type-page","status-publish","hentry"],"acf":[],"_links":{"self":[{"href":"https:\/\/producciointegrada.cat\/en\/wp-json\/wp\/v2\/pages\/1537","targetHints":{"allow":["GET"]}}],"collection":[{"href":"https:\/\/producciointegrada.cat\/en\/wp-json\/wp\/v2\/pages"}],"about":[{"href":"https:\/\/producciointegrada.cat\/en\/wp-json\/wp\/v2\/types\/page"}],"author":[{"embeddable":true,"href":"https:\/\/producciointegrada.cat\/en\/wp-json\/wp\/v2\/users\/1"}],"replies":[{"embeddable":true,"href":"https:\/\/producciointegrada.cat\/en\/wp-json\/wp\/v2\/comments?post=1537"}],"version-history":[{"count":5,"href":"https:\/\/producciointegrada.cat\/en\/wp-json\/wp\/v2\/pages\/1537\/revisions"}],"predecessor-version":[{"id":1751,"href":"https:\/\/producciointegrada.cat\/en\/wp-json\/wp\/v2\/pages\/1537\/revisions\/1751"}],"wp:attachment":[{"href":"https:\/\/producciointegrada.cat\/en\/wp-json\/wp\/v2\/media?parent=1537"}],"curies":[{"name":"wp","href":"https:\/\/api.w.org\/{rel}","templated":true}]}}