{"id":1510,"date":"2019-09-24T15:03:03","date_gmt":"2019-09-24T15:03:03","guid":{"rendered":"https:\/\/producciointegrada.cat\/directori\/"},"modified":"2024-07-08T04:42:32","modified_gmt":"2024-07-08T04:42:32","slug":"directory","status":"publish","type":"page","link":"https:\/\/producciointegrada.cat\/en\/directory\/","title":{"rendered":"Business directory"},"content":{"rendered":"\n<p><strong>El Directori inclou els operadors elaboradors i tots aquells operadors productors que certifiquen de manera individual i que comercialitzen fent \u00fas del distintiu de qualitat<\/strong>.<\/p>\n\nPodeu descarregar-vos aqu\u00ed una <span style=\"text-decoration: underline\"><a href=\"https:\/\/producciointegrada.cat\/wp-content\/uploads\/2022\/09\/ccpi_operadors_elaboradors.zip\" target=\"_blank\" rel=\"noopener\">versi\u00f3 per imprimir (PDF)<\/a><\/span> dels operadors i elaboradors certificats.\n","protected":false},"excerpt":{"rendered":"<p>El Directori inclou els operadors elaboradors i tots aquells operadors productors que certifiquen de manera individual i que comercialitzen fent \u00fas del distintiu de qualitat. Podeu descarregar-vos aqu\u00ed una versi\u00f3 per imprimir (PDF) dels operadors i elaboradors certificats.<\/p>\n","protected":false},"author":1,"featured_media":0,"parent":0,"menu_order":0,"comment_status":"closed","ping_status":"closed","template":"templates\/template-directori.php","meta":{"_acf_changed":false,"footnotes":""},"class_list":["post-1510","page","type-page","status-publish","hentry"],"acf":[],"_links":{"self":[{"href":"https:\/\/producciointegrada.cat\/en\/wp-json\/wp\/v2\/pages\/1510","targetHints":{"allow":["GET"]}}],"collection":[{"href":"https:\/\/producciointegrada.cat\/en\/wp-json\/wp\/v2\/pages"}],"about":[{"href":"https:\/\/producciointegrada.cat\/en\/wp-json\/wp\/v2\/types\/page"}],"author":[{"embeddable":true,"href":"https:\/\/producciointegrada.cat\/en\/wp-json\/wp\/v2\/users\/1"}],"replies":[{"embeddable":true,"href":"https:\/\/producciointegrada.cat\/en\/wp-json\/wp\/v2\/comments?post=1510"}],"version-history":[{"count":6,"href":"https:\/\/producciointegrada.cat\/en\/wp-json\/wp\/v2\/pages\/1510\/revisions"}],"predecessor-version":[{"id":1854,"href":"https:\/\/producciointegrada.cat\/en\/wp-json\/wp\/v2\/pages\/1510\/revisions\/1854"}],"wp:attachment":[{"href":"https:\/\/producciointegrada.cat\/en\/wp-json\/wp\/v2\/media?parent=1510"}],"curies":[{"name":"wp","href":"https:\/\/api.w.org\/{rel}","templated":true}]}}