{"id":1485,"date":"2019-01-28T11:26:06","date_gmt":"2019-01-28T11:26:06","guid":{"rendered":"https:\/\/producciointegrada.cat\/politica-privacidad\/"},"modified":"2019-01-28T11:26:06","modified_gmt":"2019-01-28T11:26:06","slug":"politica-privacidad","status":"publish","type":"page","link":"https:\/\/producciointegrada.cat\/en\/politica-privacidad\/","title":{"rendered":"Pol\u00edtica de privadesa"},"content":{"rendered":"\n<p><strong>Abast de la pol\u00edtica de protecci\u00f3 de dades personals<\/strong><\/p>\n\n\n\n<p>Aquesta pol\u00edtica de protecci\u00f3 de dades de car\u00e0cter personal abasta qualsevol tractament de dades que pugui produir-se en  la presentaci\u00f3 dels nostres serveis presencials i  en la navegaci\u00f3 o interacci\u00f3 per qualsevol de les nostres p\u00e0gines WEB o les xarxes socials en les que puguem tenir pres\u00e8ncia (Facebook, Twitter, Instagram, etc.). Al final d&#8217;aquest document s&#8217;especifica informaci\u00f3 especial en el cas de l&#8217;\u00fas de les xarxes socials. Tamb\u00e9 s&#8217;aplicar\u00e0 a qualsevol procediment intern del Consell que requereixi la recollida de dades, ja sigui en formularis en format paper o qualsevol altre sistema.<\/p>\n\n\n\n<p>En qualsevol d&#8217;aquests mitjans, vost\u00e8 pot consultar informaci\u00f3, i en alguns casos omplir formularis, contestar enquestes, participar en concursos, realitzar consultes, enviar fotografies, fer comentaris, etc. \u2026 i, per tant, proporcionar-nos informaci\u00f3 de dades de car\u00e0cter personal . Tots els tractaments estan subjectes a la nostra pol\u00edtica de privacitat.<\/p>\n\n\n\n<p><strong>Qui \u00e9s el Responsable del Tractament de les seves dades personals?<\/strong><\/p>\n\n\n\n<p>En compliment del que estableix el Reglament (UE) 2016\/679 del Parlament Europeu i del Consell de 27 d&#8217;abril del 2016, informem, que les dades de car\u00e0cter personal que ens proporcioni seran tractades pel CONSELL CATAL\u00c0 DE LA PRODUCCI\u00d3 INTEGRADA amb  NIF S7500002F,  adre\u00e7a :  Complex La Caparrella, 97 Edifici Ger\u00e8ncia, Oficina 10, 25192 Lleida, tl 973 28 24 81, mail: <a href=\"mailto:protecciodades@producciointegrada.cat\">protecciodades@producciointegrada.cat<\/a><\/p>\n\n\n\n<p><strong>\u00bf Qui es el Delegat de Protecci\u00f3 de Dades Personals?<\/strong><\/p>\n\n\n\n<p>El Delegat de Protecci\u00f3 de Dades Personals \u00e9s la persona responsable de protegir el dret fonamental a la protecci\u00f3 de les dades personal al Consell  i es responsabilitza del compliment de la normativa de protecci\u00f3 de dades personal.  Pot contactar amb el Delegat de Protecci\u00f3 de Dades Personals  utilitzant la seg\u00fcent adre\u00e7a de correu electr\u00f2nic: <a href=\"mailto:protecciodades@producciointegrada.cat\">protecciodades@producciointegrada.cat<\/a><\/p>\n\n\n\n<p><strong>Quines  Dades Personals es recullen i finalitats de les mateixes? <\/strong><\/p>\n\n\n\n<p>Detallem, les dades personals que gestiona, aix\u00ed com les seves finalitats.<\/p>\n\n\n\n<figure class=\"wp-block-table alignleft is-style-stripes\"><table class=\"\"><tbody><tr><td><strong>Tractament<\/strong><\/td><td><strong>Registre d\u2019operadors<\/strong><\/td><\/tr><tr><td><strong>Finalitat<\/strong><\/td><td>Gesti\u00f3 del registre d\u2019operadors. <br> Alta , baixa i modificacions en el registre, pagament de quotes, realitzaci\u00f3 d\u2019auditories de certificaci\u00f3 i inspeccions, promocions i gesti\u00f3 d\u2019expedients sancionadors i cobrament d\u2019impagats<\/td><\/tr><tr><td><strong>Categoria de dades<\/strong><\/td><td>Operadors i t\u00e8cnics de producci\u00f3 integrada.<\/td><\/tr><tr><td><strong>Dades<\/strong><\/td><td>Dades identificatives: DNI\/NIF, nom, cognoms, adre\u00e7a, adre\u00e7a electr\u00f2nica tel\u00e8fon.<br>Dades circumst\u00e0ncies socials.<br>Dades acad\u00e8miques o professionals.<br>Dades economicofinanceres o d\u2019assegurances.<br>Dades penals: Infraccions administratives<\/td><\/tr><tr><td><strong>Legitimaci\u00f3<\/strong><\/td><td><a rel=\"noreferrer noopener\" href=\"http:\/\/producciointegrada.cat\/wp-content\/uploads\/2015\/08\/Llei21_2001.pdf\" target=\"_blank\">Llei 21\/2001, de mesures fiscals i administratives, de creaci\u00f3 del Consell Catal\u00e0 de la Producci\u00f3 Integrada<\/a>.<br>LLEI 2\/2014, del 27 de gener, de mesures fiscals, administratives, financeres i del sector p\u00fablic.<\/td><\/tr><tr><td><strong>Destinataris<\/strong><\/td><td>Departament d\u2019Agricultura, Ramaderia, Pesca i Alimentaci\u00f3 , entitats banc\u00e0ries.<\/td><\/tr><tr><td><strong>Transfer\u00e8ncia internacional<\/strong><\/td><td>No hi ha transfer\u00e8ncia de dades internacional<\/td><\/tr><\/tbody><\/table><\/figure>\n\n\n\n<hr class=\"wp-block-separator\"\/>\n\n\n\n<figure class=\"wp-block-table alignleft is-style-stripes\"><table class=\"\"><tbody><tr><td><strong>Tractament<\/strong><\/td><td><strong>Registre d\u2019entrada i sortida<\/strong><\/td><\/tr><tr><td><strong>Finalitat<\/strong><\/td><td>Gesti\u00f3 del registre d\u2019entrada i sortida de documents del Consell.<br> Relacionar les entrades i sortides dels documents per tal  de realitzar els tr\u00e0mits corresponents.<\/td><\/tr><tr><td><strong>Categoria de dades<\/strong><\/td><td>Persones que s&#8217;adrecen al Registre del Consell o les quals el Consell s&#8217;adre\u00e7a<\/td><\/tr><tr><td><strong>Dades<\/strong><\/td><td>Col\u00b7legiats:<br> Dades identificatives:  Nom, cognoms, DNI, adre\u00e7a postal o electr\u00f2nica, tel\u00e8fon<\/td><\/tr><tr><td><strong>Legitimaci\u00f3<\/strong><\/td><td>Compliment d&#8217;una missi\u00f3 realitzada en inter\u00e8s p\u00fablic o en l&#8217;exercici de poders p\u00fablics atorgats a aquesta EntitatLLEI 2\/2014, del 27 de gener, de mesures fiscals, administratives, financeres i del sector p\u00fablic.<\/td><\/tr><tr><td><strong>Destinataris<\/strong><\/td><td>No es fan cessions d\u2019aquestes dades<\/td><\/tr><tr><td><strong>Transfer\u00e8ncia internacional<\/strong><\/td><td>No hi ha transfer\u00e8ncia de dades internacional<\/td><\/tr><\/tbody><\/table><\/figure>\n\n\n\n<hr class=\"wp-block-separator\"\/>\n\n\n\n<figure class=\"wp-block-table alignleft is-style-stripes\"><table class=\"\"><tbody><tr><td><strong>Tractament<\/strong><\/td><td><strong>Recursos Humans<\/strong><\/td><\/tr><tr><td><strong>Finalitat<\/strong><\/td><td>Gesti\u00f3 de les dades del personal que treballa  pel Consell<\/td><\/tr><tr><td><strong>Categoria de dades<\/strong><\/td><td>Treballadors de l\u2019Entitat<\/td><\/tr><tr><td><strong>Dades<\/strong><\/td><td>Dades identificatives: Nom i cognoms, DNI, adre\u00e7a, tel\u00e8fon, mail, imatge<br> Dades personals, dades de formaci\u00f3, dades socials, dades d\u2019ocupaci\u00f3, dades financeres.<br> Dades sensibles: empremta dactilar.<br> Altres dades: dades d\u2019ubicaci\u00f3 per motius de seguretat<\/td><\/tr><tr><td><strong>Legitimaci\u00f3<\/strong><\/td><td>Estatut dels Treballadors, Ley 31\/1995, de 8 de noviembre de Prevenci\u00f3n de Riesgos Laborales <\/td><\/tr><tr><td><strong>Destinataris<\/strong><\/td><td>Persones o entitats relacionades, com ara assessories d&#8217;empresa, entitats banc\u00e0ries, etc. per a la realitzaci\u00f3 dels tr\u00e0mits derivats de la gesti\u00f3 laboral i administrativa de l&#8217;empresa.<br>Mediadors, corredors i entitats asseguradores, amb la finalitat de la contractaci\u00f3 d&#8217;assegurances per cobrir els riscos derivats del seu lloc de treball.<br>Administracions p\u00fabliques, m\u00fatues i empreses de prevenci\u00f3 de riscos laborals en compliment de la normativa laboral, de seguretat social, tribut\u00e0ria, justificaci\u00f3 de la nostra activitat,  o qualsevol altre sup\u00f2sit,  sempre en el marc legislaci\u00f3 vigent.<\/td><\/tr><tr><td><strong>Transfer\u00e8ncia internacional<\/strong><\/td><td>No hi ha transfer\u00e8ncia de dades internacional<\/td><\/tr><\/tbody><\/table><\/figure>\n\n\n\n<hr class=\"wp-block-separator\"\/>\n\n\n\n<figure class=\"wp-block-table is-style-stripes\"><table class=\"\"><tbody><tr><td><strong>Tractament<\/strong><\/td><td><strong>Imatge<\/strong><\/td><\/tr><tr><td><strong>Finalitat<\/strong><\/td><td>Promocionar les activitats pel Consell<\/td><\/tr><tr><td><strong>Categoria de dades<\/strong><\/td><td>Treballadors, usuaris i\/o altres persones vinculades<\/td><\/tr><tr><td><strong>Dades<\/strong><\/td><td>Imatge<\/td><\/tr><tr><td><strong>Legitimaci\u00f3<\/strong><\/td><td>Consentiment <\/td><\/tr><tr><td><strong>Destinataris<\/strong><\/td><td>Societat en general<\/td><\/tr><tr><td><strong>Transfer\u00e8ncia internacional<\/strong><\/td><td>No hi ha transfer\u00e8ncia de dades internacional<\/td><\/tr><\/tbody><\/table><\/figure>\n\n\n\n<hr class=\"wp-block-separator\"\/>\n\n\n\n<p>Si dins d\u2019un servei concret es precisa el tractament de dades sensibles sempre ser\u00e0 sota el marc del compliment d\u2019una llei.<br>\nEl seu consentiment pot ser revocat en qualsevol moment.<br>\nEl Consell  utilitza eines per analitzar perfils, comportaments o prefer\u00e8ncies dels usuaris i posteriorment realitzar campanyes dirigides en funci\u00f3 d&#8217;aquestes dades.<\/p>\n\n\n\n<p><strong>Per quina ra\u00f3 utilitzem les seves dades personals?<\/strong><\/p>\n\n\n\n<p>A continuaci\u00f3 us expliquem la base legal que ens permet tractar les seves dades personals.<br>\n                    1.- En compliment d&#8217;una relaci\u00f3 contractual<br>\n                    2.- Quan ens dona el seu consentiment.<br>\n     3.- Per inter\u00e8s leg\u00edtim del Col\u00b7legi en  promocionar serveis, productes i iniciatives que puguin interessar<br>\n                    4.- Compliment d&#8217;obligacions imposades per llei.<\/p>\n\n\n\n<p>Els recordem que pot revocar el seu consentiment en qualsevol moment a la seg\u00fcent adre\u00e7a:  <a href=\"mailto:protecciodades@producciointegrada.cat\">protecciodades@producciointegrada.cat<\/a><\/p>\n\n\n\n<p><strong>Publicacions de fotos o v\u00eddeos a la p\u00e0gina WEB o a les xarxes socials<\/strong><\/p>\n\n\n\n<p>Per a la publicaci\u00f3 de fotografies o v\u00eddeos dels nostres treballadors, col\u00b7legiats, usuaris o menors al WEB o xarxes socials, igual que per recopilar dades per realitzar un concurs o tractar qualsevol altra dada personal, pr\u00e8viament obtenim el consentiment previ, expl\u00edcit, indiscutible i informat del titular que, en el cas dels menors de 14 anys, s&#8217;atorga pels pares o tutors legals.<\/p>\n\n\n\n<p>El tractament d&#8217;aquestes fotos, acata el principi de proporcionalitat, \u00e9s a dir, nom\u00e9s es tracten estrictament per a la finalitat per a la qual s&#8217;ha prestat el consentiment.<\/p>\n\n\n\n<p><strong>Dades no pertinents<\/strong><\/p>\n\n\n\n<p>El Consell adverteix a  l&#8217;usuari que, llevat l&#8217;exist\u00e8ncia d&#8217;una representaci\u00f3 legalment constitu\u00efda, cap usuari pot utilitzar la identitat d&#8217;una altra persona i comunicar les seves dades personals, de manera que l&#8217;usuari en tot moment haur\u00e0 de tenir en compte que nom\u00e9s pot proporcionar dades personals corresponents a la seva pr\u00f2pia identitat i que aquestes siguin adequades, pertinents, actuals, exactes i veritables.<\/p>\n\n\n\n<p><strong>Quan  temps conservarem les seves dades?<\/strong><\/p>\n\n\n\n<p>El Consell guarda les seves Dades Personals mentre sigui necessari per a la fi per al qual van ser recopilats i seguint les directrius de la legislaci\u00f3 que ens empara. Si la directriu \u00e9s diferent de la indicada en aquesta pol\u00edtica es detallar\u00e0 en el document pertinent.<\/p>\n\n\n\n<p><strong>A qui comunicarem les seves dades?<\/strong><\/p>\n\n\n\n<p>El Consell nom\u00e9s cedir\u00e0 les seves dades en aquells serveis en els qu\u00e8 s&#8217;indica i en els casos previstos per una llei.<br>\nNo es realitzaran transfer\u00e8ncies internacionals de les seves dades personals.<\/p>\n\n\n\n<p>En el cas de les xarxes socials, tota la informaci\u00f3 i continguts publicats per l&#8217;usuari seran objecte de comunicaci\u00f3 i compartits amb la resta dels usuaris que consultin aquesta xarxa social, per la pr\u00f2pia naturalesa del servei.<\/p>\n\n\n\n<p><strong>Mesures de seguretat<\/strong><\/p>\n\n\n\n<p>El Consell assegura l&#8217;absoluta confidencialitat i privacitat de les dades personals recollides i per aix\u00f2 s&#8217;han adoptat mesures essencials de seguretat per evitar l&#8217;alteraci\u00f3, p\u00e8rdua, tractament o acc\u00e9s no autoritzat i garantir aix\u00ed la seva integritat i seguretat. <\/p>\n\n\n\n<p>L&#8217;Usuari es compromet a fer un \u00fas diligent i a no posar a la disposici\u00f3 de tercers el seu nom d&#8217;usuari i contrasenya, aix\u00ed mateix es compromet a informar a  l&#8217;empresa de qualsevol robatori, p\u00e8rdua o risc d&#8217;acc\u00e9s de tercers al seu usuari.<\/p>\n\n\n\n<p>Quins s\u00f3n els seus drets quan ens facilita les seves dades personals?<\/p>\n\n\n\n<figure class=\"wp-block-table is-style-stripes\"><table class=\"\"><tbody><tr><td>Dret<\/td><td>Contingut<\/td><td>Canal d\u2019atenci\u00f3<\/td><\/tr><tr><td>Acc\u00e9s<\/td><td>Podr\u00e0 consultar les dades personals gestionades pel  Consell.<\/td><td><br>Presencial:<br>Complex La Caparrella, 97 <br>Edifici Ger\u00e8ncia,<br> Oficina 10, 25192 Lleida<br>\u00a0<br>On line:<br><a href=\"mailto:protecciodades@producciointegrada.cat\">protecciodades@producciointegrada.cat<\/a><br>\u00a0<br>\u00a0<\/td><\/tr><tr><td>Rectificaci\u00f3<\/td><td>Podr\u00e0 modificar les seves dades personals quan aquestes siguin inexactes.<\/td><td><\/td><\/tr><tr><td>Supressi\u00f3<\/td><td>Podr\u00e0 sol\u00b7licitar l\u2019eliminaci\u00f3 de les seves dades personals.<\/td><td><\/td><\/tr><tr><td>Oposici\u00f3<\/td><td>Podr\u00e0 sol\u00b7licitar que no es tractin les seves dades personals.<\/td><td><\/td><\/tr><tr><td>Limitaci\u00f3 del tractament<\/td><td>Podr\u00e0 sol\u00b7licitar la limitaci\u00f3 al tractament de les dades personals en els seg\u00fcents casos:<br> &#8211; Mentre es comprova la impugnaci\u00f3 de l\u2019exactitud de les seves dades<br> &#8211; Quan el Consell  no necessiti tractar les seves dades, per\u00f2 vost\u00e8 les necessita per a l\u2019exercici o defensa de reclamacions. <\/td><td><\/td><\/tr><tr><td>Portabilitat<\/td><td>Podr\u00e0 rebre en format electr\u00f2nic les dades que ens ha facilitat en format electr\u00f2nic<\/td><td><\/td><\/tr><\/tbody><\/table><\/figure>\n\n\n\n<p>Si considera que no hem tractar les seves dades personals d\u2019acord amb la normativa, podr\u00e0 presentar una reclamaci\u00f3 davant  l\u2019Autoritat Catalana de Protecci\u00f3 de Dades (http:\/\/apdcat.gencat.cat).<\/p>\n\n\n\n<p>Per exercir els seus drets, cal que acompanyi la seva sol\u00b7licitud amb una c\u00f2pia del seu DNI o document que acrediti la seva identitat-<\/p>\n\n\n\n<p>L\u2019exercici del drets \u00e9s gratu\u00eft<\/p>\n\n\n\n<p><strong>Xarxes socials<\/strong><\/p>\n\n\n\n<p>El funcionament de les xarxes socials no est\u00e0 sota el control del Consell, i per tant la informaci\u00f3 que publica ser\u00e0 compartida per tots els usuaris que les consultin. Aix\u00ed mateix, aquestes xarxes permeten la interacci\u00f3 amb altres usuaris, i per tant, a continuaci\u00f3, es detallen unes premisses que ha de tenir en compte.<\/p>\n\n\n\n<p>L&#8217;objecte de la utilitzaci\u00f3 de les xarxes socials \u00e9s donar visibilitat i difusi\u00f3 dels serveis que presta el Consell.<\/p>\n\n\n\n<p>En principi, s&#8217;aplica la mateixa pol\u00edtica de protecci\u00f3 de dades especificada en aquest document, pel que fa a la recollida, tractament i cessi\u00f3 de dades.<\/p>\n\n\n\n<p>L&#8217;usuari s&#8217;ha de comprometre a:<br> \u00b7  No publicar informacions que no responguin als requisits de veracitat, inter\u00e8s p\u00fablic i respecte a la dignitat de les persones. Especialment, l&#8217;usuari haur\u00e0 d&#8217;evitar tota conducta que pugui atemptar contra el principi de no discriminaci\u00f3 per raons de sexe, ra\u00e7a, religi\u00f3, ideologia o qualsevol altre circumst\u00e0ncia personal o social, i contra la intimitat, l&#8217;honor i la pr\u00f2pia imatge, sent el responsable final sobre la veracitat i legalitat dels continguts que publiqui.<br> \u00b7  No gravar ni publicar imatges, v\u00eddeos o qualsevol altre tipus de registre sense el consentiment dels afectats<\/p>\n\n\n\n<p>El Consell no s&#8217;identifica amb les opinions expressades per altres ni amb la ideologia dels perfils amb els quals tingui amistat en cap xarxa social.<\/p>\n\n\n\n<p>El Consell es reserva el dret d&#8217;eliminar de les seves xarxes socials qualsevol informaci\u00f3 publicada per altres que vulneri la legalitat, inciti a fer-ho, o contingui missatges que atemptin contra la dignitat de persones o institucions. Aix\u00ed com de bloquejar o denunciar el perfil autor d&#8217;aquests missatges.<\/p>\n\n\n\n<p>Recomanacions als usuaris \/  usu\u00e0ries<\/p>\n\n\n\n<p> \u00b7   Revisar i llegir les condicions generals d&#8217;\u00fas i la pol\u00edtica de privacitat de la xarxa social en el moment de registrar-se.<br> \u00b7   Aprendre les possibilitats de configuraci\u00f3 i \u00fas que la xarxa ofereixi.<br> \u00b7  Configurar adequadament el grau de privacitat del perfil d&#8217;usuari a la xarxa social.<br> \u00b7  No publicar informaci\u00f3 excessiva sobre la seva vida personal i familiar.<br> \u00b7  Anar  amb compte amb la publicaci\u00f3 de continguts audiovisuals i gr\u00e0fics en el seu perfil, especialment si s&#8217;allotjaran imatges relatives a terceres persones.<br> \u00b7   No oferir dades de tercers sense el previ consentiment d&#8217;aquests.<\/p>\n\n\n\n<p>Les xarxes socials gestionades pel Consell s\u00f3n:<\/p>\n\n\n\n<figure class=\"wp-block-table is-style-stripes\"><table class=\"\"><tbody><tr><td>Xarxa<\/td><td>Adre\u00e7a<\/td><\/tr><tr><td>Twitter<\/td><td>https:\/\/twitter.com\/pintegrada<\/td><\/tr><tr><td>Faccebook<\/td><td>https:\/\/www.facebook.com\/producciointegrada<\/td><\/tr><tr><td>Youtube<\/td><td>https:\/\/www.youtube.com\/user\/producciointegrada<\/td><\/tr><tr><td>Pinterest<\/td><td>https:\/\/www.pinterest.es\/pintegrada\/<\/td><\/tr><\/tbody><\/table><\/figure>\n","protected":false},"excerpt":{"rendered":"<p>Abast de la pol\u00edtica de protecci\u00f3 de dades personals Aquesta pol\u00edtica de protecci\u00f3 de dades de car\u00e0cter personal abasta qualsevol tractament de dades que pugui produir-se en la presentaci\u00f3 dels nostres serveis presencials i en la navegaci\u00f3 o interacci\u00f3 per qualsevol de les nostres p\u00e0gines WEB o les xarxes socials en les que puguem tenir [&hellip;]<\/p>\n","protected":false},"author":1,"featured_media":0,"parent":0,"menu_order":0,"comment_status":"closed","ping_status":"open","template":"","meta":{"_acf_changed":false,"footnotes":""},"class_list":["post-1485","page","type-page","status-publish","hentry"],"acf":[],"_links":{"self":[{"href":"https:\/\/producciointegrada.cat\/en\/wp-json\/wp\/v2\/pages\/1485","targetHints":{"allow":["GET"]}}],"collection":[{"href":"https:\/\/producciointegrada.cat\/en\/wp-json\/wp\/v2\/pages"}],"about":[{"href":"https:\/\/producciointegrada.cat\/en\/wp-json\/wp\/v2\/types\/page"}],"author":[{"embeddable":true,"href":"https:\/\/producciointegrada.cat\/en\/wp-json\/wp\/v2\/users\/1"}],"replies":[{"embeddable":true,"href":"https:\/\/producciointegrada.cat\/en\/wp-json\/wp\/v2\/comments?post=1485"}],"version-history":[{"count":0,"href":"https:\/\/producciointegrada.cat\/en\/wp-json\/wp\/v2\/pages\/1485\/revisions"}],"wp:attachment":[{"href":"https:\/\/producciointegrada.cat\/en\/wp-json\/wp\/v2\/media?parent=1485"}],"curies":[{"name":"wp","href":"https:\/\/api.w.org\/{rel}","templated":true}]}}