{"id":1484,"date":"2019-12-03T13:27:58","date_gmt":"2019-12-03T13:27:58","guid":{"rendered":"https:\/\/producciointegrada.cat\/politica-de-cookies\/"},"modified":"2022-05-19T05:27:17","modified_gmt":"2022-05-19T05:27:17","slug":"politica-de-cookies","status":"publish","type":"page","link":"https:\/\/producciointegrada.cat\/en\/politica-de-cookies\/","title":{"rendered":"Pol\u00edtica de cookies"},"content":{"rendered":"\n<p>Consell Catal\u00e0 de la Producci\u00f3 Integradali informa sobre l\u2019\u00fas de les cookies en les seves p\u00e0gines WEB<\/p>\n\n\n\n<p><strong>CCPI no utilitza cookies per a recollir informaci\u00f3 de les persones usu\u00e0ries. \u00danicament s&#8217;utilitzen cookies pr\u00f2pies, de sessi\u00f3, amb finalitat t\u00e8cnica (aquelles que permeten a la persona usu\u00e0ria la navegaci\u00f3 a trav\u00e9s del lloc web i l&#8217;utilitzaci\u00f3 de les diferents opcions de servei que hi existeixen).<\/strong><\/p>\n\n\n\n<p>El web del qual \u00e9s titular CCPI cont\u00e9 enlla\u00e7os a llocs web de tercers, les pol\u00edtiques dels quals son alienes a les de CCPI. Al accedir a aquests llocs pots escollir acceptar les seves pol\u00edtiques de privacitat i de cookies. Amb car\u00e0cter general, si navegues per Internet pots acceptar o rebutjar les cookies de tercers des de les configuracions del teu navegador.<br><br>Les cookies s\u00f3n arxius que es poden descarregar en el seu equip a trav\u00e9s de les p\u00e0gines WEB. Son eines que juguen un  paper essencial per a la prestaci\u00f3  de nombrosos serveis de la societat de la informaci\u00f3. Entre altres, permet a una p\u00e0gina WEB emmagatzemar i recuperar informaci\u00f3 sobre els h\u00e0bits de navegaci\u00f3 d\u2019un usuari o del seu equip i, depenent de la informaci\u00f3 obtinguda, es poden utilitzar per recon\u00e8ixer a l\u2019usuari i millorar el seu servei<\/p>\n\n\n\n<p><strong>Tipus de cookies<\/strong><br> Segons qui sigui l&#8217;entitat que gestioni el domini des d&#8217;on s&#8217;envien les cookies i tracti les dades que s&#8217;obtinguin es poden distingir dos tipus: cookies pr\u00f2pies i cookies de tercers.<\/p>\n\n\n\n<p>Existeix tamb\u00e9 una segona classificaci\u00f3 segons el termini de temps que romanen emmagatzemades al navegador del client, podent tractar-se de cookies de sessi\u00f3 o cookies persistents.<\/p>\n\n\n\n<p>Finalment, hi ha una altra classificaci\u00f3 amb cinc tipus de cookies segons la finalitat per a la qual es tractin les dades obtingudes: cookies t\u00e8cniques, cookies de personalitzaci\u00f3, cookies d&#8217;an\u00e0lisi, cookies publicit\u00e0ries i cookies de publicitat.<\/p>\n\n\n\n<p>Per a m\u00e9s informaci\u00f3 referent a aix\u00f2 pot consultar la<a href=\"http:\/\/www.interior.gob.es\/documents\/10180\/13073\/Guia_Cookies.pdf\/7c72c988-1e55-42b5-aeee-f7c46a319903\"> Guia sobre l&#8217;\u00fas de les cookies de l&#8217;Ag\u00e8ncia Espanyola de Protecci\u00f3 de Dades<\/a><\/p>\n\n\n\n<p><strong>Cookies utilitzades a les xarxes<\/strong><\/p>\n\n\n\n<p>A continuaci\u00f3 s\u2019identifiquen les cookies que estan sent utilitzades per aquest portal aix\u00ed com la seva tipologia i funci\u00f3:<br>\nLa p\u00e0gina web utilitza Google Analytics, un servei d&#8217;anal\u00edtica web desenvolupada per Google, que permet el mesurament i an\u00e0lisi de la navegaci\u00f3 a les p\u00e0gines web. En el seu navegador podr\u00e0 observar 4 cookies  d&#8217;aquest servei. Segons la tipologia anterior es tracta de cookies pr\u00f2pies, de sessi\u00f3 i d&#8217;an\u00e0lisi. Podeu trobar m\u00e9s informaci\u00f3 al respecte i inhabilitar l&#8217;\u00fas d&#8217;aquestes cookies.<br>\nwww.google.es\/intl\/es\/analytics\/privacyoverview.html .<\/p>\n\n\n\n<p>Mitjan\u00e7ant l&#8217;anal\u00edtica web s&#8217;obt\u00e9 informaci\u00f3 relativa al nombre d&#8217;usuaris que accedeixen al web, el nombre de p\u00e0gines vistes, la freq\u00fc\u00e8ncia i repetici\u00f3 de les visites, la seva durada, el navegador utilitzat, l&#8217;operador que presta el servei, l&#8217;idioma , el terminal que utilitza, o la ciutat a la qual est\u00e0 assignada la seva adre\u00e7a IP. Informaci\u00f3 que possibilita un millor i m\u00e9s apropiat servei per part d&#8217;aquest portal.<\/p>\n\n\n\n<p>Una altra de les cookies que es descarreguen \u00e9s una cookies de tipus t\u00e8cnic anomenada ASP.NET_SessionId. Aquesta cookies permet emmagatzemar un identificador \u00fanic per sessi\u00f3 a trav\u00e9s del qual \u00e9s possible vincular dades necess\u00e0ries per a possibilitar la navegaci\u00f3 en curs.<\/p>\n\n\n\n<p>Finalment, es descarrega una cookies de tipus t\u00e8cnic anomenada cookies_policy, pr\u00f2pia, de tipus t\u00e8cnic i de sessi\u00f3. Gestiona consentiment per a l&#8217;\u00fas de les cookies a la p\u00e0gina web, amb l&#8217;objecte de recordar aquells usuaris que les han acceptat i aquells que no, de manera que als primers no se&#8217;ls mostri informaci\u00f3 a la part superior de la p\u00e0gina referent a aix\u00f2.<\/p>\n\n\n\n<p>Acceptaci\u00f3 de la Pol\u00edtica de cookies<\/p>\n\n\n\n<p>La nostra empresa assumeix que vost\u00e8 accepta l&#8217;\u00fas de cookies. No obstant aix\u00f2, mostra informaci\u00f3 sobre la seva Pol\u00edtica de cookies a la part superior de qualsevol p\u00e0gina del portal amb cada inici de sessi\u00f3 amb l&#8217;objecte que vost\u00e8 sigui conscient.<\/p>\n\n\n\n<p>Davant d&#8217;aquesta informaci\u00f3 \u00e9s possible dur a terme les seg\u00fcents accions:<\/p>\n\n\n\n<ul class=\"wp-block-list\"><li>Accepta cookies . No es tornar\u00e0 a visualitzar aquest av\u00eds en accedir a qualsevol p\u00e0gina del portal durant la present sessi\u00f3.<\/li><li> Tanca. S\u2019amaga l&#8217;av\u00eds en la present p\u00e0gina.<\/li><\/ul>\n\n\n\n<p><strong>Com modificar la configuraci\u00f3 de les cookies<\/strong><\/p>\n\n\n\n<p>Vost\u00e8 pot restringir, bloquejar o esborrar les galetes, utilitzant el seu navegador. A cada navegador l&#8217;operativa \u00e9s diferent, la funci\u00f3 de &#8216;Ajuda&#8217; us mostrar\u00e0 com fer-ho.<\/p>\n\n\n\n<p>Internet Explorer: windows.microsoft.com\/es-xl\/internet-explorer\/delete-manage-cookies#ie=ie-10<br>\nFireFox: support.mozilla.org\/es\/kb\/Borrar%20cookies<br>\nChrome: support.google.com\/chrome\/answer\/95647?hl=es<br>\nSafari: www.apple.com\/es\/privacy\/use-of-cookies\/<\/p>\n\n\n\n<p>A m\u00e9s, tamb\u00e9 pot gestionar el magatzem de cookies al seu navegador a trav\u00e9s d&#8217;eines com les seg\u00fcents:<\/p>\n\n\n\n<p>Ghostery: www.ghostery.com\/<br>\nYour l\u00ednia choices: www.youronlinechoices.com\/es\/<\/p>\n","protected":false},"excerpt":{"rendered":"<p>Consell Catal\u00e0 de la Producci\u00f3 Integradali informa sobre l\u2019\u00fas de les cookies en les seves p\u00e0gines WEB CCPI no utilitza cookies per a recollir informaci\u00f3 de les persones usu\u00e0ries. \u00danicament s&#8217;utilitzen cookies pr\u00f2pies, de sessi\u00f3, amb finalitat t\u00e8cnica (aquelles que permeten a la persona usu\u00e0ria la navegaci\u00f3 a trav\u00e9s del lloc web i l&#8217;utilitzaci\u00f3 de [&hellip;]<\/p>\n","protected":false},"author":1,"featured_media":0,"parent":0,"menu_order":0,"comment_status":"closed","ping_status":"closed","template":"","meta":{"_acf_changed":false,"footnotes":""},"class_list":["post-1484","page","type-page","status-publish","hentry"],"acf":[],"_links":{"self":[{"href":"https:\/\/producciointegrada.cat\/en\/wp-json\/wp\/v2\/pages\/1484","targetHints":{"allow":["GET"]}}],"collection":[{"href":"https:\/\/producciointegrada.cat\/en\/wp-json\/wp\/v2\/pages"}],"about":[{"href":"https:\/\/producciointegrada.cat\/en\/wp-json\/wp\/v2\/types\/page"}],"author":[{"embeddable":true,"href":"https:\/\/producciointegrada.cat\/en\/wp-json\/wp\/v2\/users\/1"}],"replies":[{"embeddable":true,"href":"https:\/\/producciointegrada.cat\/en\/wp-json\/wp\/v2\/comments?post=1484"}],"version-history":[{"count":1,"href":"https:\/\/producciointegrada.cat\/en\/wp-json\/wp\/v2\/pages\/1484\/revisions"}],"predecessor-version":[{"id":1781,"href":"https:\/\/producciointegrada.cat\/en\/wp-json\/wp\/v2\/pages\/1484\/revisions\/1781"}],"wp:attachment":[{"href":"https:\/\/producciointegrada.cat\/en\/wp-json\/wp\/v2\/media?parent=1484"}],"curies":[{"name":"wp","href":"https:\/\/api.w.org\/{rel}","templated":true}]}}