{"id":1483,"date":"2019-12-03T13:33:05","date_gmt":"2019-12-03T13:33:05","guid":{"rendered":"https:\/\/producciointegrada.cat\/avis-legal\/"},"modified":"2019-12-03T13:33:05","modified_gmt":"2019-12-03T13:33:05","slug":"avis-legal","status":"publish","type":"page","link":"https:\/\/producciointegrada.cat\/en\/avis-legal\/","title":{"rendered":"Av\u00eds legal"},"content":{"rendered":"\n<p>Benvingut a la p\u00e0gina web de CONSELL CATAL\u00c0 DE LA PROUDCCI\u00d3 INTREGADA<\/p>\n\n\n\n<p>A continuaci\u00f3 us exposem les condicions d&#8217;\u00fas d&#8217;aquesta p\u00e0gina web. La navegaci\u00f3 per aquesta p\u00e0gina web li atorga el rol d&#8217;usuari de la mateixa i, per tant, accepta les cl\u00e0usules detallades en aquest document.<\/p>\n\n\n\n<p><strong>1 \u2013 IDENTIFICACI\u00d3<\/strong><\/p>\n\n\n\n<p>De conformitat amb el que disposa l&#8217;article 10 de la Llei 34\/2002, d&#8217;11 de juliol, de Serveis de Societat de la Informaci\u00f3 i Comer\u00e7 Electr\u00f2nic, s&#8217;informa que http:\/\/producciointegrada.cat\/ \u00e9s un domini del  Consell Catal\u00e0 de la Producci\u00f3 Integrada,  amb domicili social al INTEGRADA amb  NIF S7500002F,  adre\u00e7a :  Complex La Caparrella, 97 Edifici Ger\u00e8ncia, Oficina 10, 25192 Lleida, tl 973 28 24 81, mail: ccpi@producciointegrada.cat<\/p>\n\n\n\n<p><strong>2 &#8211; NORMES D&#8217;UTILITZACI\u00d3<\/strong><\/p>\n\n\n\n<p>L&#8217;Usuari es compromet a fer un \u00fas adequat i l\u00edcit del lloc web aix\u00ed com dels continguts i serveis, de conformitat amb la legislaci\u00f3 aplicable en cada moment, la moral i bons costums generalment acceptats i l&#8217;ordre p\u00fablic. Queda prohibit realitzar, per la seva banda, qualsevol acci\u00f3 que pugui provocar alteracions dels continguts d&#8217;aquesta web o un mal funcionament de la mateixa, incloent la introducci\u00f3 de virus o similars.<\/p>\n\n\n\n<p><strong> 3 &#8211; PROPIETAT INTEL\u00b7LECTUAL<\/strong><\/p>\n\n\n\n<p>Les p\u00e0gines de la WEB i la informaci\u00f3 o els elements que cont\u00e9, inclouen textos, documents, fotografies, dibuixos, representacions gr\u00e0fiques, bases de dades, v\u00eddeos i tamb\u00e9 logotips, marques, noms comercials, o altres signes distintius, estan protegits per drets de propietat intel\u00b7lectual o industrial, dels quals Consell Catal\u00e0 de la Producci\u00f3 Integrada \u00e9s titular o llicenciat\u00e0ria leg\u00edtma. Queda prohibida qualsevol modalitat d&#8217;explotaci\u00f3, incloent qualsevol tipus de reproducci\u00f3, distribuci\u00f3, cessi\u00f3 a tercers, comunicaci\u00f3 p\u00fablica i transformaci\u00f3, mitjan\u00e7ant qualsevol tipus de suport i mitj\u00e0, sense l&#8217;autoritzaci\u00f3 pr\u00e8via i expressa.<\/p>\n\n\n\n<p><strong>4 \u2013 RESPONSABILITAT<\/strong><\/p>\n\n\n\n<p>La nostra intenci\u00f3 \u00e9s la d&#8217;oferir un lloc web que ofereixi un funcionament continuat i de m\u00e0xima qualitat.<br>\nDe tota manera, us informem que no podem garantir l&#8217;acc\u00e9s continuat, i que les p\u00e0gines es puguin trobar impedides, o interrompudes per factors o circumst\u00e0ncies alienes a la nostra voluntat.<br>\nConsell Catal\u00e0 de la Producci\u00f3 Integrada no \u00e9s responsable de la informaci\u00f3 i altres continguts integrats en espais o p\u00e0gines web de tercers accessibles mitjan\u00e7ant enlla\u00e7os, hipervincles o links.<br>\nConsell Catal\u00e0 de la Producci\u00f3 Integrada no es fa responsable dels perjudicis que es poguessin derivar, entre altres, de:<\/p>\n\n\n\n<ul class=\"wp-block-list\"><li>Interfer\u00e8ncies, interrupcions, fallades, omissions, avaries telef\u00f2niques, retards, bloquejos o desconnexions en el funcionament del sistema electr\u00f2nic, motivades per defici\u00e8ncies, sobrec\u00e0rregues i errors en les l\u00ednies i xarxes de telecomunicacions<\/li><li>Intromissions il\u00b7leg\u00edtimes mitjan\u00e7ant l&#8217;\u00fas de programes malignes de qualsevol tipus via trav\u00e9s de qualsevol mitj\u00e0 de comunicaci\u00f3.<\/li><li>\u00das indegut o inadequat del lloc web.<\/li><li>Errors produ\u00efts per un mal funcionament del navegador o per l&#8217;\u00fas de versions no actualitzades d&#8217;aquest.<\/li><\/ul>\n\n\n\n<p>L&#8217;usuari, en cas de causar danys i perjudicis per un \u00fas il\u00b7l\u00edcit o incorrecte d&#8217;aquest lloc web, podr\u00e0 ser reclamat dels danys o perjudicis causats.<\/p>\n\n\n\n<p>Aix\u00ed mateix, l&#8217;usuari respondr\u00e0 davant de qualsevol dany i perjudici, que es derivi de l&#8217;\u00fas per la seva part de &#8220;robots&#8221;, &#8220;spiders&#8221;, \u2026 o eines similars emprades per tal de demanar o extreure dades o de qualsevol altra actuaci\u00f3 per part seva que imposi una c\u00e0rrega irraonable sobre el funcionament del lloc web.<\/p>\n\n\n\n<p><strong>5 &#8211; Legislaci\u00f3<\/strong><\/p>\n\n\n\n<p>Qualsevol controv\u00e8rsia que sorgeixi o guardi relaci\u00f3 amb l&#8217;\u00fas de la p\u00e0gina web ser\u00e0 sotmesa a la jurisdicci\u00f3 no exclusiva dels jutjats i tribunals espanyols.<\/p>\n","protected":false},"excerpt":{"rendered":"<p>Benvingut a la p\u00e0gina web de CONSELL CATAL\u00c0 DE LA PROUDCCI\u00d3 INTREGADA A continuaci\u00f3 us exposem les condicions d&#8217;\u00fas d&#8217;aquesta p\u00e0gina web. La navegaci\u00f3 per aquesta p\u00e0gina web li atorga el rol d&#8217;usuari de la mateixa i, per tant, accepta les cl\u00e0usules detallades en aquest document. 1 \u2013 IDENTIFICACI\u00d3 De conformitat amb el que disposa [&hellip;]<\/p>\n","protected":false},"author":1,"featured_media":0,"parent":0,"menu_order":0,"comment_status":"closed","ping_status":"closed","template":"","meta":{"_acf_changed":false,"footnotes":""},"class_list":["post-1483","page","type-page","status-publish","hentry"],"acf":[],"_links":{"self":[{"href":"https:\/\/producciointegrada.cat\/en\/wp-json\/wp\/v2\/pages\/1483","targetHints":{"allow":["GET"]}}],"collection":[{"href":"https:\/\/producciointegrada.cat\/en\/wp-json\/wp\/v2\/pages"}],"about":[{"href":"https:\/\/producciointegrada.cat\/en\/wp-json\/wp\/v2\/types\/page"}],"author":[{"embeddable":true,"href":"https:\/\/producciointegrada.cat\/en\/wp-json\/wp\/v2\/users\/1"}],"replies":[{"embeddable":true,"href":"https:\/\/producciointegrada.cat\/en\/wp-json\/wp\/v2\/comments?post=1483"}],"version-history":[{"count":0,"href":"https:\/\/producciointegrada.cat\/en\/wp-json\/wp\/v2\/pages\/1483\/revisions"}],"wp:attachment":[{"href":"https:\/\/producciointegrada.cat\/en\/wp-json\/wp\/v2\/media?parent=1483"}],"curies":[{"name":"wp","href":"https:\/\/api.w.org\/{rel}","templated":true}]}}